{"id":261,"date":"2010-05-16T16:41:45","date_gmt":"2010-05-16T14:41:45","guid":{"rendered":"http:\/\/www.doulkeridis.be\/blog\/?page_id=261"},"modified":"2012-05-14T16:11:21","modified_gmt":"2012-05-14T15:11:21","slug":"me-contacter","status":"publish","type":"page","link":"https:\/\/www.doulkeridis.be\/blog\/me-contacter\/","title":{"rendered":"Me contacter"},"content":{"rendered":"<p><strong><img loading=\"lazy\" decoding=\"async\" class=\"alignright\" src=\"http:\/\/www.doulkeridis.be\/IMG\/arton193.jpg\" alt=\"\" width=\"265\" height=\"173\" \/>Christos Doulkeridis<\/strong><br \/>\nSecr\u00e9taire d\u2019Etat au Logement et au Siamu ;<br \/>\nMinistre-Pr\u00e9sident du Coll\u00e8ge de la COCOF, en charge de l\u2019Enseignement, du Tourisme et du Budget.<\/p>\n<p>Ce site est plus qu&rsquo;un simple outil de communication politique. C&rsquo;est\u00a0un lieu d&rsquo;\u00e9change, de partage, de d\u00e9bat. Je vous invite \u00e0 r\u00e9agir aux actualit\u00e9s que je\u00a0poste en ligne et, surtout, \u00e0 proposer des th\u00e8mes, me poser des questions, m&rsquo;interpeller sur ce qui vous tient \u00e0 coeur.<\/p>\n<p>Au plaisir de vous lire,<\/p>\n<p>Christos<\/p>\n<p>Boulevard du R\u00e9gent 21-23 Regentlaan<\/p>\n<p>1000 Bruxelles\/ Brussel<\/p>\n<p>info@doulkeridis.irisnet.be<\/p>\n<p><a href=\"http:\/\/www.facebook.com\/doulkeridis\" target=\"_blank\">www.facebook.com\/doulkeridis<\/a><br \/>\n<a href=\"http:\/\/www.twitter.com\/doulkeridis\" target=\"_blank\">www.twitter.com\/doulkeridis<\/a><\/p>\n\n<div class=\"wpcf7 no-js\" id=\"wpcf7-f4558-o1\" lang=\"\" dir=\"ltr\" data-wpcf7-id=\"4558\">\n<div class=\"screen-reader-response\"><p role=\"status\" aria-live=\"polite\" aria-atomic=\"true\"><\/p> <ul><\/ul><\/div>\n<form action=\"\/blog\/wp-json\/wp\/v2\/pages\/261#wpcf7-f4558-o1\" method=\"post\" class=\"wpcf7-form init\" aria-label=\"Formulaire de contact\" novalidate=\"novalidate\" data-status=\"init\">\n<fieldset class=\"hidden-fields-container\"><input type=\"hidden\" name=\"_wpcf7\" value=\"4558\" \/><input type=\"hidden\" name=\"_wpcf7_version\" value=\"6.1.5\" \/><input type=\"hidden\" name=\"_wpcf7_locale\" value=\"\" \/><input type=\"hidden\" name=\"_wpcf7_unit_tag\" value=\"wpcf7-f4558-o1\" \/><input type=\"hidden\" name=\"_wpcf7_container_post\" value=\"0\" \/><input type=\"hidden\" name=\"_wpcf7_posted_data_hash\" value=\"\" \/>\n<\/fieldset>\n<p>Votre Nom (obligatoire)\n<\/p>\n<p><span class=\"wpcf7-form-control-wrap\" data-name=\"your-name\"><input size=\"40\" maxlength=\"400\" class=\"wpcf7-form-control wpcf7-text wpcf7-validates-as-required\" aria-required=\"true\" aria-invalid=\"false\" value=\"\" type=\"text\" name=\"your-name\" \/><\/span>\n<\/p>\n<p>Votre Email (obligatoire)\n<\/p>\n<p><span class=\"wpcf7-form-control-wrap\" data-name=\"your-email\"><input size=\"40\" maxlength=\"400\" class=\"wpcf7-form-control wpcf7-email wpcf7-validates-as-required wpcf7-text wpcf7-validates-as-email\" aria-required=\"true\" aria-invalid=\"false\" value=\"\" type=\"email\" name=\"your-email\" \/><\/span>\n<\/p>\n<p>Sujet\n<\/p>\n<p><span class=\"wpcf7-form-control-wrap\" data-name=\"your-subject\"><input size=\"40\" maxlength=\"400\" class=\"wpcf7-form-control wpcf7-text\" aria-invalid=\"false\" value=\"\" type=\"text\" name=\"your-subject\" \/><\/span>\n<\/p>\n<p>Votre Message\n<\/p>\n<p><span class=\"wpcf7-form-control-wrap\" data-name=\"your-message\"><textarea cols=\"40\" rows=\"10\" maxlength=\"2000\" class=\"wpcf7-form-control wpcf7-textarea\" aria-invalid=\"false\" name=\"your-message\"><\/textarea><\/span>\n<\/p>\n<p><input class=\"wpcf7-form-control wpcf7-submit has-spinner\" type=\"submit\" value=\"Envoyer\" \/>\n<\/p>\n<p><input type=\"hidden\" name=\"_wpcf7_captcha_challenge_captcha-870\" value=\"1284333412\" \/><img loading=\"lazy\" decoding=\"async\" class=\"wpcf7-form-control wpcf7-captchac wpcf7-captcha-captcha-870\" width=\"72\" height=\"24\" alt=\"captcha\" src=\"https:\/\/www.doulkeridis.be\/blog\/wp-content\/uploads\/wpcf7_captcha\/1284333412.png\" \/>\n<\/p>\n<p><span class=\"wpcf7-form-control-wrap\" data-name=\"captcha-870\"><input size=\"40\" class=\"wpcf7-form-control wpcf7-captchar\" autocomplete=\"off\" aria-invalid=\"false\" value=\"\" type=\"text\" name=\"captcha-870\" \/><\/span>\n<\/p><p style=\"display: none !important;\" class=\"akismet-fields-container\" data-prefix=\"_wpcf7_ak_\"><label>&#916;<textarea name=\"_wpcf7_ak_hp_textarea\" cols=\"45\" rows=\"8\" maxlength=\"100\"><\/textarea><\/label><input type=\"hidden\" id=\"ak_js_1\" name=\"_wpcf7_ak_js\" value=\"149\"\/><script>document.getElementById( \"ak_js_1\" ).setAttribute( \"value\", ( new Date() ).getTime() );<\/script><\/p><div class=\"wpcf7-response-output\" aria-hidden=\"true\"><\/div>\n<\/form>\n<\/div>\n\n","protected":false},"excerpt":{"rendered":"<p>Christos Doulkeridis Secr\u00e9taire d\u2019Etat au Logement et au Siamu ; Ministre-Pr\u00e9sident du Coll\u00e8ge de la COCOF, en charge de l\u2019Enseignement, du Tourisme et du Budget. Ce site est plus qu&rsquo;un simple outil de communication politique. C&rsquo;est\u00a0un lieu d&rsquo;\u00e9change, de partage, de d\u00e9bat. Je vous invite \u00e0 r\u00e9agir aux actualit\u00e9s que je\u00a0poste en ligne et, surtout, \u00e0 proposer des th\u00e8mes, me poser des questions, m&rsquo;interpeller sur ce qui vous tient \u00e0 coeur. Au plaisir de vous lire, Christos Boulevard du R\u00e9gent 21-23 Regentlaan 1000 Bruxelles\/ Brussel info@doulkeridis.irisnet.be www.facebook.com\/doulkeridis www.twitter.com\/doulkeridis<\/p>\n","protected":false},"author":2,"featured_media":0,"parent":0,"menu_order":0,"comment_status":"open","ping_status":"open","template":"","meta":{"_monsterinsights_skip_tracking":false,"_monsterinsights_sitenote_active":false,"_monsterinsights_sitenote_note":"","_monsterinsights_sitenote_category":0,"ngg_post_thumbnail":0,"footnotes":""},"class_list":["post-261","page","type-page","status-publish","hentry"],"yoast_head":"<!-- This site is optimized with the Yoast SEO plugin v27.4 - https:\/\/yoast.com\/product\/yoast-seo-wordpress\/ -->\n<title>Me contacter - Christos Doulkeridis<\/title>\n<meta name=\"robots\" content=\"index, follow, max-snippet:-1, max-image-preview:large, max-video-preview:-1\" \/>\n<link rel=\"canonical\" href=\"https:\/\/www.doulkeridis.be\/blog\/me-contacter\/\" \/>\n<meta property=\"og:locale\" content=\"fr_FR\" \/>\n<meta property=\"og:type\" content=\"article\" \/>\n<meta property=\"og:title\" content=\"Me contacter - Christos Doulkeridis\" \/>\n<meta property=\"og:description\" content=\"Christos Doulkeridis Secr\u00e9taire d\u2019Etat au Logement et au Siamu ; Ministre-Pr\u00e9sident du Coll\u00e8ge de la COCOF, en charge de l\u2019Enseignement, du Tourisme et du Budget. Ce site est plus qu&rsquo;un simple outil de communication politique. C&rsquo;est\u00a0un lieu d&rsquo;\u00e9change, de partage, de d\u00e9bat. Je vous invite \u00e0 r\u00e9agir aux actualit\u00e9s que je\u00a0poste en ligne et, surtout, \u00e0 proposer des th\u00e8mes, me poser des questions, m&rsquo;interpeller sur ce qui vous tient \u00e0 coeur. Au plaisir de vous lire, Christos Boulevard du R\u00e9gent 21-23 Regentlaan 1000 Bruxelles\/ Brussel info@doulkeridis.irisnet.be www.facebook.com\/doulkeridis www.twitter.com\/doulkeridis\" \/>\n<meta property=\"og:url\" content=\"https:\/\/www.doulkeridis.be\/blog\/me-contacter\/\" \/>\n<meta property=\"og:site_name\" content=\"Christos Doulkeridis\" \/>\n<meta property=\"article:publisher\" content=\"https:\/\/www.facebook.com\/doulkeridis\" \/>\n<meta property=\"article:modified_time\" content=\"2012-05-14T15:11:21+00:00\" \/>\n<meta property=\"og:image\" content=\"http:\/\/www.doulkeridis.be\/IMG\/arton193.jpg\" \/>\n<meta name=\"twitter:card\" content=\"summary_large_image\" \/>\n<meta name=\"twitter:label1\" content=\"Dur\u00e9e de lecture estim\u00e9e\" \/>\n\t<meta name=\"twitter:data1\" content=\"1 minute\" \/>\n<script type=\"application\/ld+json\" class=\"yoast-schema-graph\">{\"@context\":\"https:\\\/\\\/schema.org\",\"@graph\":[{\"@type\":\"WebPage\",\"@id\":\"https:\\\/\\\/www.doulkeridis.be\\\/blog\\\/me-contacter\\\/\",\"url\":\"https:\\\/\\\/www.doulkeridis.be\\\/blog\\\/me-contacter\\\/\",\"name\":\"Me contacter - Christos Doulkeridis\",\"isPartOf\":{\"@id\":\"https:\\\/\\\/www.doulkeridis.be\\\/blog\\\/#website\"},\"primaryImageOfPage\":{\"@id\":\"https:\\\/\\\/www.doulkeridis.be\\\/blog\\\/me-contacter\\\/#primaryimage\"},\"image\":{\"@id\":\"https:\\\/\\\/www.doulkeridis.be\\\/blog\\\/me-contacter\\\/#primaryimage\"},\"thumbnailUrl\":\"http:\\\/\\\/www.doulkeridis.be\\\/IMG\\\/arton193.jpg\",\"datePublished\":\"2010-05-16T14:41:45+00:00\",\"dateModified\":\"2012-05-14T15:11:21+00:00\",\"breadcrumb\":{\"@id\":\"https:\\\/\\\/www.doulkeridis.be\\\/blog\\\/me-contacter\\\/#breadcrumb\"},\"inLanguage\":\"fr-FR\",\"potentialAction\":[{\"@type\":\"ReadAction\",\"target\":[\"https:\\\/\\\/www.doulkeridis.be\\\/blog\\\/me-contacter\\\/\"]}]},{\"@type\":\"ImageObject\",\"inLanguage\":\"fr-FR\",\"@id\":\"https:\\\/\\\/www.doulkeridis.be\\\/blog\\\/me-contacter\\\/#primaryimage\",\"url\":\"http:\\\/\\\/www.doulkeridis.be\\\/IMG\\\/arton193.jpg\",\"contentUrl\":\"http:\\\/\\\/www.doulkeridis.be\\\/IMG\\\/arton193.jpg\"},{\"@type\":\"BreadcrumbList\",\"@id\":\"https:\\\/\\\/www.doulkeridis.be\\\/blog\\\/me-contacter\\\/#breadcrumb\",\"itemListElement\":[{\"@type\":\"ListItem\",\"position\":1,\"name\":\"Accueil\",\"item\":\"https:\\\/\\\/www.doulkeridis.be\\\/blog\\\/\"},{\"@type\":\"ListItem\",\"position\":2,\"name\":\"Me contacter\"}]},{\"@type\":\"WebSite\",\"@id\":\"https:\\\/\\\/www.doulkeridis.be\\\/blog\\\/#website\",\"url\":\"https:\\\/\\\/www.doulkeridis.be\\\/blog\\\/\",\"name\":\"Christos Doulkeridis\",\"description\":\"Coach | Consultant en solutions, gestion de crise, n\u00e9gociations\",\"publisher\":{\"@id\":\"https:\\\/\\\/www.doulkeridis.be\\\/blog\\\/#organization\"},\"potentialAction\":[{\"@type\":\"SearchAction\",\"target\":{\"@type\":\"EntryPoint\",\"urlTemplate\":\"https:\\\/\\\/www.doulkeridis.be\\\/blog\\\/?s={search_term_string}\"},\"query-input\":{\"@type\":\"PropertyValueSpecification\",\"valueRequired\":true,\"valueName\":\"search_term_string\"}}],\"inLanguage\":\"fr-FR\"},{\"@type\":\"Organization\",\"@id\":\"https:\\\/\\\/www.doulkeridis.be\\\/blog\\\/#organization\",\"name\":\"Ulyse\",\"url\":\"https:\\\/\\\/www.doulkeridis.be\\\/blog\\\/\",\"logo\":{\"@type\":\"ImageObject\",\"inLanguage\":\"fr-FR\",\"@id\":\"https:\\\/\\\/www.doulkeridis.be\\\/blog\\\/#\\\/schema\\\/logo\\\/image\\\/\",\"url\":\"https:\\\/\\\/www.doulkeridis.be\\\/blog\\\/wp-content\\\/uploads\\\/2026\\\/04\\\/2-5.png\",\"contentUrl\":\"https:\\\/\\\/www.doulkeridis.be\\\/blog\\\/wp-content\\\/uploads\\\/2026\\\/04\\\/2-5.png\",\"width\":1024,\"height\":728,\"caption\":\"Ulyse\"},\"image\":{\"@id\":\"https:\\\/\\\/www.doulkeridis.be\\\/blog\\\/#\\\/schema\\\/logo\\\/image\\\/\"},\"sameAs\":[\"https:\\\/\\\/www.facebook.com\\\/doulkeridis\",\"https:\\\/\\\/www.facebook.com\\\/christosdoulkeridis2\"]}]}<\/script>\n<!-- \/ Yoast SEO plugin. -->","yoast_head_json":{"title":"Me contacter - Christos Doulkeridis","robots":{"index":"index","follow":"follow","max-snippet":"max-snippet:-1","max-image-preview":"max-image-preview:large","max-video-preview":"max-video-preview:-1"},"canonical":"https:\/\/www.doulkeridis.be\/blog\/me-contacter\/","og_locale":"fr_FR","og_type":"article","og_title":"Me contacter - Christos Doulkeridis","og_description":"Christos Doulkeridis Secr\u00e9taire d\u2019Etat au Logement et au Siamu ; Ministre-Pr\u00e9sident du Coll\u00e8ge de la COCOF, en charge de l\u2019Enseignement, du Tourisme et du Budget. Ce site est plus qu&rsquo;un simple outil de communication politique. C&rsquo;est\u00a0un lieu d&rsquo;\u00e9change, de partage, de d\u00e9bat. Je vous invite \u00e0 r\u00e9agir aux actualit\u00e9s que je\u00a0poste en ligne et, surtout, \u00e0 proposer des th\u00e8mes, me poser des questions, m&rsquo;interpeller sur ce qui vous tient \u00e0 coeur. Au plaisir de vous lire, Christos Boulevard du R\u00e9gent 21-23 Regentlaan 1000 Bruxelles\/ Brussel info@doulkeridis.irisnet.be www.facebook.com\/doulkeridis www.twitter.com\/doulkeridis","og_url":"https:\/\/www.doulkeridis.be\/blog\/me-contacter\/","og_site_name":"Christos Doulkeridis","article_publisher":"https:\/\/www.facebook.com\/doulkeridis","article_modified_time":"2012-05-14T15:11:21+00:00","og_image":[{"url":"http:\/\/www.doulkeridis.be\/IMG\/arton193.jpg","type":"","width":"","height":""}],"twitter_card":"summary_large_image","twitter_misc":{"Dur\u00e9e de lecture estim\u00e9e":"1 minute"},"schema":{"@context":"https:\/\/schema.org","@graph":[{"@type":"WebPage","@id":"https:\/\/www.doulkeridis.be\/blog\/me-contacter\/","url":"https:\/\/www.doulkeridis.be\/blog\/me-contacter\/","name":"Me contacter - Christos Doulkeridis","isPartOf":{"@id":"https:\/\/www.doulkeridis.be\/blog\/#website"},"primaryImageOfPage":{"@id":"https:\/\/www.doulkeridis.be\/blog\/me-contacter\/#primaryimage"},"image":{"@id":"https:\/\/www.doulkeridis.be\/blog\/me-contacter\/#primaryimage"},"thumbnailUrl":"http:\/\/www.doulkeridis.be\/IMG\/arton193.jpg","datePublished":"2010-05-16T14:41:45+00:00","dateModified":"2012-05-14T15:11:21+00:00","breadcrumb":{"@id":"https:\/\/www.doulkeridis.be\/blog\/me-contacter\/#breadcrumb"},"inLanguage":"fr-FR","potentialAction":[{"@type":"ReadAction","target":["https:\/\/www.doulkeridis.be\/blog\/me-contacter\/"]}]},{"@type":"ImageObject","inLanguage":"fr-FR","@id":"https:\/\/www.doulkeridis.be\/blog\/me-contacter\/#primaryimage","url":"http:\/\/www.doulkeridis.be\/IMG\/arton193.jpg","contentUrl":"http:\/\/www.doulkeridis.be\/IMG\/arton193.jpg"},{"@type":"BreadcrumbList","@id":"https:\/\/www.doulkeridis.be\/blog\/me-contacter\/#breadcrumb","itemListElement":[{"@type":"ListItem","position":1,"name":"Accueil","item":"https:\/\/www.doulkeridis.be\/blog\/"},{"@type":"ListItem","position":2,"name":"Me contacter"}]},{"@type":"WebSite","@id":"https:\/\/www.doulkeridis.be\/blog\/#website","url":"https:\/\/www.doulkeridis.be\/blog\/","name":"Christos Doulkeridis","description":"Coach | Consultant en solutions, gestion de crise, n\u00e9gociations","publisher":{"@id":"https:\/\/www.doulkeridis.be\/blog\/#organization"},"potentialAction":[{"@type":"SearchAction","target":{"@type":"EntryPoint","urlTemplate":"https:\/\/www.doulkeridis.be\/blog\/?s={search_term_string}"},"query-input":{"@type":"PropertyValueSpecification","valueRequired":true,"valueName":"search_term_string"}}],"inLanguage":"fr-FR"},{"@type":"Organization","@id":"https:\/\/www.doulkeridis.be\/blog\/#organization","name":"Ulyse","url":"https:\/\/www.doulkeridis.be\/blog\/","logo":{"@type":"ImageObject","inLanguage":"fr-FR","@id":"https:\/\/www.doulkeridis.be\/blog\/#\/schema\/logo\/image\/","url":"https:\/\/www.doulkeridis.be\/blog\/wp-content\/uploads\/2026\/04\/2-5.png","contentUrl":"https:\/\/www.doulkeridis.be\/blog\/wp-content\/uploads\/2026\/04\/2-5.png","width":1024,"height":728,"caption":"Ulyse"},"image":{"@id":"https:\/\/www.doulkeridis.be\/blog\/#\/schema\/logo\/image\/"},"sameAs":["https:\/\/www.facebook.com\/doulkeridis","https:\/\/www.facebook.com\/christosdoulkeridis2"]}]}},"_links":{"self":[{"href":"https:\/\/www.doulkeridis.be\/blog\/wp-json\/wp\/v2\/pages\/261","targetHints":{"allow":["GET"]}}],"collection":[{"href":"https:\/\/www.doulkeridis.be\/blog\/wp-json\/wp\/v2\/pages"}],"about":[{"href":"https:\/\/www.doulkeridis.be\/blog\/wp-json\/wp\/v2\/types\/page"}],"author":[{"embeddable":true,"href":"https:\/\/www.doulkeridis.be\/blog\/wp-json\/wp\/v2\/users\/2"}],"replies":[{"embeddable":true,"href":"https:\/\/www.doulkeridis.be\/blog\/wp-json\/wp\/v2\/comments?post=261"}],"version-history":[{"count":13,"href":"https:\/\/www.doulkeridis.be\/blog\/wp-json\/wp\/v2\/pages\/261\/revisions"}],"predecessor-version":[{"id":263,"href":"https:\/\/www.doulkeridis.be\/blog\/wp-json\/wp\/v2\/pages\/261\/revisions\/263"}],"wp:attachment":[{"href":"https:\/\/www.doulkeridis.be\/blog\/wp-json\/wp\/v2\/media?parent=261"}],"curies":[{"name":"wp","href":"https:\/\/api.w.org\/{rel}","templated":true}]}}