{"id":413,"date":"2010-05-26T11:12:17","date_gmt":"2010-05-26T09:12:17","guid":{"rendered":"http:\/\/www.doulkeridis.be\/blog\/politique-a-domicile\/"},"modified":"2010-09-01T16:56:05","modified_gmt":"2010-09-01T14:56:05","slug":"politique-a-domicile","status":"publish","type":"page","link":"https:\/\/www.doulkeridis.be\/blog\/politique-a-domicile\/","title":{"rendered":"Politique \u00e0 domicile"},"content":{"rendered":"<p>A l&rsquo;heure o\u00f9 les personnalit\u00e9s politiques utilisent de plus en plus Internet et les r\u00e9seaux sociaux pour communiquer, le lancement de mon blog en mai dernier ne constituait pas un \u00e9v\u00e9nement majeur. Mais il s&rsquo;agit plus que d&rsquo;un blog, c&rsquo;est r\u00e9ellement un outil de dialogue avec le citoyen qui pourra r\u00e9guli\u00e8rement me poser des questions, m&rsquo;interpeller sur des sujets qui lui tiennent \u00e0 c\u0153ur en ayant la certitude que c&rsquo;est bien moi en personne qui leur r\u00e9pondrait. En effet, parall\u00e8lement \u00e0 son actualit\u00e9 et aux articles de presse concernant sa politique, il est possible d&rsquo;interpeller le Secr\u00e9taire d&rsquo;Etat et Ministre-Pr\u00e9sident de la COCOF.<\/p>\n<p>Petite nouveaut\u00e9, toujours dans cette volont\u00e9 d\u2019\u00e9change, d\u2019\u00e9change (et  dans la continuit\u00e9 de ce qui se faisait sur l\u2019ancien site Internet), la  rubrique <strong>Politique \u00e0 domicile<\/strong>. Je m\u2019engage \u00e0 aller \u00e0 la rencontre de la personne, chez elle, avec ses  amis, en famille\u2026 pour me faire cuisiner autour d\u2019un bon repas pr\u00e9par\u00e9  tous ensemble &#8211; et pas forc\u00e9ment une <a href=\"https:\/\/www.doulkeridis.be\/blog\/2010\/05\/01\/moussaka-la-recette-de-ma-mere\/\">moussaka<\/a>. C\u2019est aussi pour moi un clin d\u2019oeil \u00e0 ma deuxi\u00e8me passion. Joignons donc  l\u2019utile \u00e0 l\u2019agr\u00e9able.<\/p>\n<p>L&rsquo;id\u00e9e, quand j&rsquo;ai lanc\u00e9 ce blog, \u00e9tait d&rsquo;aller \u00e0 la rencontre des ind\u00e9cis, de ceux qui ne comprennent pas bien les enjeux de la politique belge et bruxelloise mais aussi et surtout des d\u00e9\u00e7us de la politique, des abstentionnistes. L&rsquo;id\u00e9e que les politiques sont tous \u00e0 mettre dans le m\u00eame sac et que voter ne sert \u00e0 rien doit nous faire r\u00e9fl\u00e9chir et pas seulement en campagne \u00e9lectorale. Et donc, l&rsquo;initiative <strong>Politique \u00e0 domicile<\/strong> se poursuit bien apr\u00e8s les \u00e9lections, comme je l&rsquo;avais promis.<\/p>\n\n<div class=\"wpcf7 no-js\" id=\"wpcf7-f4559-o1\" lang=\"\" dir=\"ltr\" data-wpcf7-id=\"4559\">\n<div class=\"screen-reader-response\"><p role=\"status\" aria-live=\"polite\" aria-atomic=\"true\"><\/p> <ul><\/ul><\/div>\n<form action=\"\/blog\/wp-json\/wp\/v2\/pages\/413#wpcf7-f4559-o1\" method=\"post\" class=\"wpcf7-form init\" aria-label=\"Formulaire de contact\" novalidate=\"novalidate\" data-status=\"init\">\n<fieldset class=\"hidden-fields-container\"><input type=\"hidden\" name=\"_wpcf7\" value=\"4559\" \/><input type=\"hidden\" name=\"_wpcf7_version\" value=\"6.1.6\" \/><input type=\"hidden\" name=\"_wpcf7_locale\" value=\"\" \/><input type=\"hidden\" name=\"_wpcf7_unit_tag\" value=\"wpcf7-f4559-o1\" \/><input type=\"hidden\" name=\"_wpcf7_container_post\" value=\"0\" \/><input type=\"hidden\" name=\"_wpcf7_posted_data_hash\" value=\"\" \/>\n<\/fieldset>\n<p>Votre Nom (obligatoire)\n<\/p>\n<p><span class=\"wpcf7-form-control-wrap\" data-name=\"your-name\"><input size=\"40\" maxlength=\"400\" class=\"wpcf7-form-control wpcf7-text wpcf7-validates-as-required\" aria-required=\"true\" aria-invalid=\"false\" value=\"\" type=\"text\" name=\"your-name\" \/><\/span>\n<\/p>\n<p>Votre Email (obligatoire)\n<\/p>\n<p><span class=\"wpcf7-form-control-wrap\" data-name=\"your-email\"><input size=\"40\" maxlength=\"400\" class=\"wpcf7-form-control wpcf7-email wpcf7-validates-as-required wpcf7-text wpcf7-validates-as-email\" aria-required=\"true\" aria-invalid=\"false\" value=\"\" type=\"email\" name=\"your-email\" \/><\/span>\n<\/p>\n<p>Mes motivations\n<\/p>\n<p><span class=\"wpcf7-form-control-wrap\" data-name=\"your-subject\"><input size=\"40\" maxlength=\"400\" class=\"wpcf7-form-control wpcf7-text\" aria-invalid=\"false\" value=\"\" type=\"text\" name=\"your-subject\" \/><\/span>\n<\/p>\n<p>Votre Message\n<\/p>\n<p><span class=\"wpcf7-form-control-wrap\" data-name=\"your-message\"><textarea cols=\"40\" rows=\"10\" maxlength=\"2000\" class=\"wpcf7-form-control wpcf7-textarea\" aria-invalid=\"false\" name=\"your-message\"><\/textarea><\/span>\n<\/p>\n<p><input class=\"wpcf7-form-control wpcf7-submit has-spinner\" type=\"submit\" value=\"Envoyer\" \/>\n<\/p>\n<p>Antispam: Veuillez recopier le code ci-dessous\n<\/p>\n<p><input type=\"hidden\" name=\"_wpcf7_captcha_challenge_captcha-870\" value=\"4164339107\" \/><img loading=\"lazy\" decoding=\"async\" class=\"wpcf7-form-control wpcf7-captchac wpcf7-captcha-captcha-870\" width=\"72\" height=\"24\" alt=\"captcha\" src=\"https:\/\/www.doulkeridis.be\/blog\/wp-content\/uploads\/wpcf7_captcha\/4164339107.png\" \/>\n<\/p>\n<p><span class=\"wpcf7-form-control-wrap\" data-name=\"captcha-870\"><input size=\"40\" class=\"wpcf7-form-control wpcf7-captchar\" autocomplete=\"off\" aria-invalid=\"false\" value=\"\" type=\"text\" name=\"captcha-870\" \/><\/span>\n<\/p><p style=\"display: none !important;\" class=\"akismet-fields-container\" data-prefix=\"_wpcf7_ak_\"><label>&#916;<textarea name=\"_wpcf7_ak_hp_textarea\" cols=\"45\" rows=\"8\" maxlength=\"100\"><\/textarea><\/label><input type=\"hidden\" id=\"ak_js_1\" name=\"_wpcf7_ak_js\" value=\"166\"\/><script type=\"text\/javascript\">\n\/* <![CDATA[ *\/\ndocument.getElementById( \"ak_js_1\" ).setAttribute( \"value\", ( new Date() ).getTime() );\n\/* ]]> *\/\n<\/script>\n<\/p><div class=\"wpcf7-response-output\" aria-hidden=\"true\"><\/div>\n<\/form>\n<\/div>\n\n","protected":false},"excerpt":{"rendered":"<p>A l&rsquo;heure o\u00f9 les personnalit\u00e9s politiques utilisent de plus en plus Internet et les r\u00e9seaux sociaux pour communiquer, le lancement de mon blog en mai dernier ne constituait pas un \u00e9v\u00e9nement majeur. Mais il s&rsquo;agit plus que d&rsquo;un blog, c&rsquo;est r\u00e9ellement un outil de dialogue avec le citoyen qui pourra r\u00e9guli\u00e8rement me poser des questions, m&rsquo;interpeller sur des sujets qui lui tiennent \u00e0 c\u0153ur en ayant la certitude que c&rsquo;est bien moi en personne qui leur r\u00e9pondrait. En effet, parall\u00e8lement \u00e0 son actualit\u00e9 et aux articles de presse concernant sa politique, il est possible d&rsquo;interpeller le Secr\u00e9taire d&rsquo;Etat et Ministre-Pr\u00e9sident de la COCOF. Petite nouveaut\u00e9, toujours dans cette volont\u00e9 d\u2019\u00e9change, d\u2019\u00e9change (et dans la continuit\u00e9 de ce qui se faisait sur l\u2019ancien site Internet), la rubrique Politique \u00e0 domicile. Je m\u2019engage \u00e0 aller \u00e0 la rencontre de la personne, chez elle, avec ses amis, en famille\u2026 pour me faire cuisiner autour d\u2019un bon repas pr\u00e9par\u00e9 tous ensemble &#8211; et pas forc\u00e9ment une moussaka. C\u2019est aussi pour moi un clin d\u2019oeil \u00e0 ma deuxi\u00e8me passion. Joignons donc l\u2019utile \u00e0 l\u2019agr\u00e9able. L&rsquo;id\u00e9e, quand j&rsquo;ai lanc\u00e9 ce blog, \u00e9tait d&rsquo;aller \u00e0 la rencontre des ind\u00e9cis, de ceux qui ne comprennent pas bien les [&hellip;]<\/p>\n","protected":false},"author":2,"featured_media":0,"parent":0,"menu_order":0,"comment_status":"open","ping_status":"open","template":"","meta":{"_monsterinsights_skip_tracking":false,"_monsterinsights_sitenote_active":false,"_monsterinsights_sitenote_note":"","_monsterinsights_sitenote_category":0,"ngg_post_thumbnail":0,"footnotes":""},"class_list":["post-413","page","type-page","status-publish","hentry"],"yoast_head":"<!-- This site is optimized with the Yoast SEO plugin v27.4 - https:\/\/yoast.com\/product\/yoast-seo-wordpress\/ -->\n<title>Politique \u00e0 domicile - Christos Doulkeridis<\/title>\n<meta name=\"robots\" content=\"index, follow, max-snippet:-1, max-image-preview:large, max-video-preview:-1\" \/>\n<link rel=\"canonical\" href=\"https:\/\/www.doulkeridis.be\/blog\/politique-a-domicile\/\" \/>\n<meta property=\"og:locale\" content=\"fr_FR\" \/>\n<meta property=\"og:type\" content=\"article\" \/>\n<meta property=\"og:title\" content=\"Politique \u00e0 domicile - Christos Doulkeridis\" \/>\n<meta property=\"og:description\" content=\"A l&rsquo;heure o\u00f9 les personnalit\u00e9s politiques utilisent de plus en plus Internet et les r\u00e9seaux sociaux pour communiquer, le lancement de mon blog en mai dernier ne constituait pas un \u00e9v\u00e9nement majeur. Mais il s&rsquo;agit plus que d&rsquo;un blog, c&rsquo;est r\u00e9ellement un outil de dialogue avec le citoyen qui pourra r\u00e9guli\u00e8rement me poser des questions, m&rsquo;interpeller sur des sujets qui lui tiennent \u00e0 c\u0153ur en ayant la certitude que c&rsquo;est bien moi en personne qui leur r\u00e9pondrait. En effet, parall\u00e8lement \u00e0 son actualit\u00e9 et aux articles de presse concernant sa politique, il est possible d&rsquo;interpeller le Secr\u00e9taire d&rsquo;Etat et Ministre-Pr\u00e9sident de la COCOF. Petite nouveaut\u00e9, toujours dans cette volont\u00e9 d\u2019\u00e9change, d\u2019\u00e9change (et dans la continuit\u00e9 de ce qui se faisait sur l\u2019ancien site Internet), la rubrique Politique \u00e0 domicile. Je m\u2019engage \u00e0 aller \u00e0 la rencontre de la personne, chez elle, avec ses amis, en famille\u2026 pour me faire cuisiner autour d\u2019un bon repas pr\u00e9par\u00e9 tous ensemble &#8211; et pas forc\u00e9ment une moussaka. C\u2019est aussi pour moi un clin d\u2019oeil \u00e0 ma deuxi\u00e8me passion. Joignons donc l\u2019utile \u00e0 l\u2019agr\u00e9able. L&rsquo;id\u00e9e, quand j&rsquo;ai lanc\u00e9 ce blog, \u00e9tait d&rsquo;aller \u00e0 la rencontre des ind\u00e9cis, de ceux qui ne comprennent pas bien les [&hellip;]\" \/>\n<meta property=\"og:url\" content=\"https:\/\/www.doulkeridis.be\/blog\/politique-a-domicile\/\" \/>\n<meta property=\"og:site_name\" content=\"Christos Doulkeridis\" \/>\n<meta property=\"article:publisher\" content=\"https:\/\/www.facebook.com\/doulkeridis\" \/>\n<meta property=\"article:modified_time\" content=\"2010-09-01T14:56:05+00:00\" \/>\n<meta name=\"twitter:card\" content=\"summary_large_image\" \/>\n<meta name=\"twitter:label1\" content=\"Dur\u00e9e de lecture estim\u00e9e\" \/>\n\t<meta name=\"twitter:data1\" content=\"1 minute\" \/>\n<script type=\"application\/ld+json\" class=\"yoast-schema-graph\">{\"@context\":\"https:\\\/\\\/schema.org\",\"@graph\":[{\"@type\":\"WebPage\",\"@id\":\"https:\\\/\\\/www.doulkeridis.be\\\/blog\\\/politique-a-domicile\\\/\",\"url\":\"https:\\\/\\\/www.doulkeridis.be\\\/blog\\\/politique-a-domicile\\\/\",\"name\":\"Politique \u00e0 domicile - Christos Doulkeridis\",\"isPartOf\":{\"@id\":\"https:\\\/\\\/www.doulkeridis.be\\\/blog\\\/#website\"},\"datePublished\":\"2010-05-26T09:12:17+00:00\",\"dateModified\":\"2010-09-01T14:56:05+00:00\",\"breadcrumb\":{\"@id\":\"https:\\\/\\\/www.doulkeridis.be\\\/blog\\\/politique-a-domicile\\\/#breadcrumb\"},\"inLanguage\":\"fr-FR\",\"potentialAction\":[{\"@type\":\"ReadAction\",\"target\":[\"https:\\\/\\\/www.doulkeridis.be\\\/blog\\\/politique-a-domicile\\\/\"]}]},{\"@type\":\"BreadcrumbList\",\"@id\":\"https:\\\/\\\/www.doulkeridis.be\\\/blog\\\/politique-a-domicile\\\/#breadcrumb\",\"itemListElement\":[{\"@type\":\"ListItem\",\"position\":1,\"name\":\"Accueil\",\"item\":\"https:\\\/\\\/www.doulkeridis.be\\\/blog\\\/\"},{\"@type\":\"ListItem\",\"position\":2,\"name\":\"Politique \u00e0 domicile\"}]},{\"@type\":\"WebSite\",\"@id\":\"https:\\\/\\\/www.doulkeridis.be\\\/blog\\\/#website\",\"url\":\"https:\\\/\\\/www.doulkeridis.be\\\/blog\\\/\",\"name\":\"Christos Doulkeridis\",\"description\":\"Coach | Consultant en solutions, gestion de crise, n\u00e9gociations\",\"publisher\":{\"@id\":\"https:\\\/\\\/www.doulkeridis.be\\\/blog\\\/#organization\"},\"potentialAction\":[{\"@type\":\"SearchAction\",\"target\":{\"@type\":\"EntryPoint\",\"urlTemplate\":\"https:\\\/\\\/www.doulkeridis.be\\\/blog\\\/?s={search_term_string}\"},\"query-input\":{\"@type\":\"PropertyValueSpecification\",\"valueRequired\":true,\"valueName\":\"search_term_string\"}}],\"inLanguage\":\"fr-FR\"},{\"@type\":\"Organization\",\"@id\":\"https:\\\/\\\/www.doulkeridis.be\\\/blog\\\/#organization\",\"name\":\"Ulyse\",\"url\":\"https:\\\/\\\/www.doulkeridis.be\\\/blog\\\/\",\"logo\":{\"@type\":\"ImageObject\",\"inLanguage\":\"fr-FR\",\"@id\":\"https:\\\/\\\/www.doulkeridis.be\\\/blog\\\/#\\\/schema\\\/logo\\\/image\\\/\",\"url\":\"https:\\\/\\\/www.doulkeridis.be\\\/blog\\\/wp-content\\\/uploads\\\/2026\\\/04\\\/2-5.png\",\"contentUrl\":\"https:\\\/\\\/www.doulkeridis.be\\\/blog\\\/wp-content\\\/uploads\\\/2026\\\/04\\\/2-5.png\",\"width\":1024,\"height\":728,\"caption\":\"Ulyse\"},\"image\":{\"@id\":\"https:\\\/\\\/www.doulkeridis.be\\\/blog\\\/#\\\/schema\\\/logo\\\/image\\\/\"},\"sameAs\":[\"https:\\\/\\\/www.facebook.com\\\/doulkeridis\",\"https:\\\/\\\/www.facebook.com\\\/christosdoulkeridis2\"]}]}<\/script>\n<!-- \/ Yoast SEO plugin. -->","yoast_head_json":{"title":"Politique \u00e0 domicile - Christos Doulkeridis","robots":{"index":"index","follow":"follow","max-snippet":"max-snippet:-1","max-image-preview":"max-image-preview:large","max-video-preview":"max-video-preview:-1"},"canonical":"https:\/\/www.doulkeridis.be\/blog\/politique-a-domicile\/","og_locale":"fr_FR","og_type":"article","og_title":"Politique \u00e0 domicile - Christos Doulkeridis","og_description":"A l&rsquo;heure o\u00f9 les personnalit\u00e9s politiques utilisent de plus en plus Internet et les r\u00e9seaux sociaux pour communiquer, le lancement de mon blog en mai dernier ne constituait pas un \u00e9v\u00e9nement majeur. Mais il s&rsquo;agit plus que d&rsquo;un blog, c&rsquo;est r\u00e9ellement un outil de dialogue avec le citoyen qui pourra r\u00e9guli\u00e8rement me poser des questions, m&rsquo;interpeller sur des sujets qui lui tiennent \u00e0 c\u0153ur en ayant la certitude que c&rsquo;est bien moi en personne qui leur r\u00e9pondrait. En effet, parall\u00e8lement \u00e0 son actualit\u00e9 et aux articles de presse concernant sa politique, il est possible d&rsquo;interpeller le Secr\u00e9taire d&rsquo;Etat et Ministre-Pr\u00e9sident de la COCOF. Petite nouveaut\u00e9, toujours dans cette volont\u00e9 d\u2019\u00e9change, d\u2019\u00e9change (et dans la continuit\u00e9 de ce qui se faisait sur l\u2019ancien site Internet), la rubrique Politique \u00e0 domicile. Je m\u2019engage \u00e0 aller \u00e0 la rencontre de la personne, chez elle, avec ses amis, en famille\u2026 pour me faire cuisiner autour d\u2019un bon repas pr\u00e9par\u00e9 tous ensemble &#8211; et pas forc\u00e9ment une moussaka. C\u2019est aussi pour moi un clin d\u2019oeil \u00e0 ma deuxi\u00e8me passion. Joignons donc l\u2019utile \u00e0 l\u2019agr\u00e9able. L&rsquo;id\u00e9e, quand j&rsquo;ai lanc\u00e9 ce blog, \u00e9tait d&rsquo;aller \u00e0 la rencontre des ind\u00e9cis, de ceux qui ne comprennent pas bien les [&hellip;]","og_url":"https:\/\/www.doulkeridis.be\/blog\/politique-a-domicile\/","og_site_name":"Christos Doulkeridis","article_publisher":"https:\/\/www.facebook.com\/doulkeridis","article_modified_time":"2010-09-01T14:56:05+00:00","twitter_card":"summary_large_image","twitter_misc":{"Dur\u00e9e de lecture estim\u00e9e":"1 minute"},"schema":{"@context":"https:\/\/schema.org","@graph":[{"@type":"WebPage","@id":"https:\/\/www.doulkeridis.be\/blog\/politique-a-domicile\/","url":"https:\/\/www.doulkeridis.be\/blog\/politique-a-domicile\/","name":"Politique \u00e0 domicile - Christos Doulkeridis","isPartOf":{"@id":"https:\/\/www.doulkeridis.be\/blog\/#website"},"datePublished":"2010-05-26T09:12:17+00:00","dateModified":"2010-09-01T14:56:05+00:00","breadcrumb":{"@id":"https:\/\/www.doulkeridis.be\/blog\/politique-a-domicile\/#breadcrumb"},"inLanguage":"fr-FR","potentialAction":[{"@type":"ReadAction","target":["https:\/\/www.doulkeridis.be\/blog\/politique-a-domicile\/"]}]},{"@type":"BreadcrumbList","@id":"https:\/\/www.doulkeridis.be\/blog\/politique-a-domicile\/#breadcrumb","itemListElement":[{"@type":"ListItem","position":1,"name":"Accueil","item":"https:\/\/www.doulkeridis.be\/blog\/"},{"@type":"ListItem","position":2,"name":"Politique \u00e0 domicile"}]},{"@type":"WebSite","@id":"https:\/\/www.doulkeridis.be\/blog\/#website","url":"https:\/\/www.doulkeridis.be\/blog\/","name":"Christos Doulkeridis","description":"Coach | Consultant en solutions, gestion de crise, n\u00e9gociations","publisher":{"@id":"https:\/\/www.doulkeridis.be\/blog\/#organization"},"potentialAction":[{"@type":"SearchAction","target":{"@type":"EntryPoint","urlTemplate":"https:\/\/www.doulkeridis.be\/blog\/?s={search_term_string}"},"query-input":{"@type":"PropertyValueSpecification","valueRequired":true,"valueName":"search_term_string"}}],"inLanguage":"fr-FR"},{"@type":"Organization","@id":"https:\/\/www.doulkeridis.be\/blog\/#organization","name":"Ulyse","url":"https:\/\/www.doulkeridis.be\/blog\/","logo":{"@type":"ImageObject","inLanguage":"fr-FR","@id":"https:\/\/www.doulkeridis.be\/blog\/#\/schema\/logo\/image\/","url":"https:\/\/www.doulkeridis.be\/blog\/wp-content\/uploads\/2026\/04\/2-5.png","contentUrl":"https:\/\/www.doulkeridis.be\/blog\/wp-content\/uploads\/2026\/04\/2-5.png","width":1024,"height":728,"caption":"Ulyse"},"image":{"@id":"https:\/\/www.doulkeridis.be\/blog\/#\/schema\/logo\/image\/"},"sameAs":["https:\/\/www.facebook.com\/doulkeridis","https:\/\/www.facebook.com\/christosdoulkeridis2"]}]}},"_links":{"self":[{"href":"https:\/\/www.doulkeridis.be\/blog\/wp-json\/wp\/v2\/pages\/413","targetHints":{"allow":["GET"]}}],"collection":[{"href":"https:\/\/www.doulkeridis.be\/blog\/wp-json\/wp\/v2\/pages"}],"about":[{"href":"https:\/\/www.doulkeridis.be\/blog\/wp-json\/wp\/v2\/types\/page"}],"author":[{"embeddable":true,"href":"https:\/\/www.doulkeridis.be\/blog\/wp-json\/wp\/v2\/users\/2"}],"replies":[{"embeddable":true,"href":"https:\/\/www.doulkeridis.be\/blog\/wp-json\/wp\/v2\/comments?post=413"}],"version-history":[{"count":7,"href":"https:\/\/www.doulkeridis.be\/blog\/wp-json\/wp\/v2\/pages\/413\/revisions"}],"predecessor-version":[{"id":417,"href":"https:\/\/www.doulkeridis.be\/blog\/wp-json\/wp\/v2\/pages\/413\/revisions\/417"}],"wp:attachment":[{"href":"https:\/\/www.doulkeridis.be\/blog\/wp-json\/wp\/v2\/media?parent=413"}],"curies":[{"name":"wp","href":"https:\/\/api.w.org\/{rel}","templated":true}]}}