{"id":4878,"date":"2011-11-10T12:29:37","date_gmt":"2011-11-10T10:29:37","guid":{"rendered":"http:\/\/www.doulkeridis.be\/blog\/?page_id=4878"},"modified":"2011-11-14T16:34:39","modified_gmt":"2011-11-14T15:34:39","slug":"ecolo","status":"publish","type":"page","link":"https:\/\/www.doulkeridis.be\/blog\/ecolo\/","title":{"rendered":"Ecolo"},"content":{"rendered":"<p>Je suis membre d&rsquo;Ecolo. Mais qu&rsquo;est-ce que cela signifie\u00a0? Etre \u00e9cologiste en Belgique, cela veut avant tout dire que l&rsquo;on se trouve du c\u00f4t\u00e9 des solutions durables face aux crises environnementales, sociales et \u00e9conomiques que traverse notre soci\u00e9t\u00e9 au 21e si\u00e8cle. <\/p>\n<p>L\u2019\u00e9cologie politique recherche un meilleur \u00e9quilibre entre l\u2019homme et la nature. Nous n\u2019avons \u00e9videmment qu\u2019une seule plan\u00e8te. Ses ressources sont limit\u00e9es et ses \u00e9cosyst\u00e8mes fragiles. Quand les pollutions augmentent, quand le climat se d\u00e9r\u00e8gle, ce sont les \u00eatres humains qui souffrent, en commen\u00e7ant par les moins favoris\u00e9s. En parvenant \u00e0 un d\u00e9veloppement qui respecte l\u2019environnement, nous am\u00e9liorons notre qualit\u00e9 de vie aujourd\u2019hui et nous garantissons un avenir \u00e0 nos enfants et \u00e0 nos petits enfants.<\/p>\n<p>Au 19\u00e8me si\u00e8cle, le lib\u00e9ralisme a permis l\u2019\u00e9mergence de la d\u00e9mocratie. Au 20\u00e8me, le socialisme l\u2019a aid\u00e9e \u00e0 int\u00e9grer la dimension sociale. Depuis la fin du second mill\u00e9naire, l\u2019\u00e9cologie politique poursuit ces mouvements d\u2019\u00e9mancipation en inscrivant l\u2019environnement et les g\u00e9n\u00e9rations futures au c\u0153ur du projet d\u00e9mocratique. En ce sens, les partis \u00e9cologistes incarnent bien la nouvelle force du 21\u00e8me si\u00e8cle.<\/p>\n<p><strong>Lien<\/strong>s<br \/>\n<a href=\"http:\/\/www.ecolo.be\" target=\"_blank\">www.ecolo.be<\/a><br \/>\n<a href=\"http:\/\/www.bruxelles.regionale.ecolo.be\" target=\"_blank\">www.bruxelles.regionale.ecolo.be<\/a><br \/>\n<a href=\"http:\/\/www.ecoloxl.be\" target=\"_blank\">www.ecoloxl.be<br \/><\/a><br \/>\n<a href=\"http:\/\/www.etopia.be\" target=\"_blank\">www.etopia.be<\/a><br \/>\n<a href=\"http:\/\/www.greens-efa.eu\/fr.html\" target=\"_blank\">www.greens-efa.eu<\/a>\/<\/p>\n<p><strong>Mes coll\u00e8gues ministres Ecolo<\/strong><br \/>\n<a href=\"http:\/\/evelyne.huytebroeck.be\/\" target=\"_blank\">evelyne.huytebroeck.be<\/a><br \/>\n<a href=\"http:\/\/www.nollet.info\" target=\"_blank\">www.nollet.info<\/a><br \/>\n<a href=\"http:\/\/henry.wallonie.be\" target=\"_blank\">henry.wallonie.be<\/a> <\/p>\n","protected":false},"excerpt":{"rendered":"<p>Je suis membre d&rsquo;Ecolo. Mais qu&rsquo;est-ce que cela signifie\u00a0? Etre \u00e9cologiste en Belgique, cela veut avant tout dire que l&rsquo;on se trouve du c\u00f4t\u00e9 des solutions durables face aux crises environnementales, sociales et \u00e9conomiques que traverse notre soci\u00e9t\u00e9 au 21e si\u00e8cle. L\u2019\u00e9cologie politique recherche un meilleur \u00e9quilibre entre l\u2019homme et la nature. Nous n\u2019avons \u00e9videmment qu\u2019une seule plan\u00e8te. Ses ressources sont limit\u00e9es et ses \u00e9cosyst\u00e8mes fragiles. Quand les pollutions augmentent, quand le climat se d\u00e9r\u00e8gle, ce sont les \u00eatres humains qui souffrent, en commen\u00e7ant par les moins favoris\u00e9s. En parvenant \u00e0 un d\u00e9veloppement qui respecte l\u2019environnement, nous am\u00e9liorons notre qualit\u00e9 de vie aujourd\u2019hui et nous garantissons un avenir \u00e0 nos enfants et \u00e0 nos petits enfants. Au 19\u00e8me si\u00e8cle, le lib\u00e9ralisme a permis l\u2019\u00e9mergence de la d\u00e9mocratie. Au 20\u00e8me, le socialisme l\u2019a aid\u00e9e \u00e0 int\u00e9grer la dimension sociale. Depuis la fin du second mill\u00e9naire, l\u2019\u00e9cologie politique poursuit ces mouvements d\u2019\u00e9mancipation en inscrivant l\u2019environnement et les g\u00e9n\u00e9rations futures au c\u0153ur du projet d\u00e9mocratique. En ce sens, les partis \u00e9cologistes incarnent bien la nouvelle force du 21\u00e8me si\u00e8cle. Liens www.ecolo.be www.bruxelles.regionale.ecolo.be www.ecoloxl.be www.etopia.be www.greens-efa.eu\/ Mes coll\u00e8gues ministres Ecolo evelyne.huytebroeck.be www.nollet.info henry.wallonie.be<\/p>\n","protected":false},"author":2,"featured_media":0,"parent":0,"menu_order":0,"comment_status":"open","ping_status":"open","template":"","meta":{"_monsterinsights_skip_tracking":false,"_monsterinsights_sitenote_active":false,"_monsterinsights_sitenote_note":"","_monsterinsights_sitenote_category":0,"ngg_post_thumbnail":0,"footnotes":""},"class_list":["post-4878","page","type-page","status-publish","hentry"],"yoast_head":"<!-- This site is optimized with the Yoast SEO plugin v27.4 - https:\/\/yoast.com\/product\/yoast-seo-wordpress\/ -->\n<title>Ecolo - Christos Doulkeridis<\/title>\n<meta name=\"robots\" content=\"index, follow, max-snippet:-1, max-image-preview:large, max-video-preview:-1\" \/>\n<link rel=\"canonical\" href=\"https:\/\/www.doulkeridis.be\/blog\/ecolo\/\" \/>\n<meta property=\"og:locale\" content=\"fr_FR\" \/>\n<meta property=\"og:type\" content=\"article\" \/>\n<meta property=\"og:title\" content=\"Ecolo - Christos Doulkeridis\" \/>\n<meta property=\"og:description\" content=\"Je suis membre d&rsquo;Ecolo. Mais qu&rsquo;est-ce que cela signifie\u00a0? Etre \u00e9cologiste en Belgique, cela veut avant tout dire que l&rsquo;on se trouve du c\u00f4t\u00e9 des solutions durables face aux crises environnementales, sociales et \u00e9conomiques que traverse notre soci\u00e9t\u00e9 au 21e si\u00e8cle. L\u2019\u00e9cologie politique recherche un meilleur \u00e9quilibre entre l\u2019homme et la nature. Nous n\u2019avons \u00e9videmment qu\u2019une seule plan\u00e8te. Ses ressources sont limit\u00e9es et ses \u00e9cosyst\u00e8mes fragiles. Quand les pollutions augmentent, quand le climat se d\u00e9r\u00e8gle, ce sont les \u00eatres humains qui souffrent, en commen\u00e7ant par les moins favoris\u00e9s. En parvenant \u00e0 un d\u00e9veloppement qui respecte l\u2019environnement, nous am\u00e9liorons notre qualit\u00e9 de vie aujourd\u2019hui et nous garantissons un avenir \u00e0 nos enfants et \u00e0 nos petits enfants. Au 19\u00e8me si\u00e8cle, le lib\u00e9ralisme a permis l\u2019\u00e9mergence de la d\u00e9mocratie. Au 20\u00e8me, le socialisme l\u2019a aid\u00e9e \u00e0 int\u00e9grer la dimension sociale. Depuis la fin du second mill\u00e9naire, l\u2019\u00e9cologie politique poursuit ces mouvements d\u2019\u00e9mancipation en inscrivant l\u2019environnement et les g\u00e9n\u00e9rations futures au c\u0153ur du projet d\u00e9mocratique. En ce sens, les partis \u00e9cologistes incarnent bien la nouvelle force du 21\u00e8me si\u00e8cle. Liens www.ecolo.be www.bruxelles.regionale.ecolo.be www.ecoloxl.be www.etopia.be www.greens-efa.eu\/ Mes coll\u00e8gues ministres Ecolo evelyne.huytebroeck.be www.nollet.info henry.wallonie.be\" \/>\n<meta property=\"og:url\" content=\"https:\/\/www.doulkeridis.be\/blog\/ecolo\/\" \/>\n<meta property=\"og:site_name\" content=\"Christos Doulkeridis\" \/>\n<meta property=\"article:publisher\" content=\"https:\/\/www.facebook.com\/doulkeridis\" \/>\n<meta property=\"article:modified_time\" content=\"2011-11-14T15:34:39+00:00\" \/>\n<meta name=\"twitter:card\" content=\"summary_large_image\" \/>\n<meta name=\"twitter:label1\" content=\"Dur\u00e9e de lecture estim\u00e9e\" \/>\n\t<meta name=\"twitter:data1\" content=\"1 minute\" \/>\n<script type=\"application\/ld+json\" class=\"yoast-schema-graph\">{\"@context\":\"https:\\\/\\\/schema.org\",\"@graph\":[{\"@type\":\"WebPage\",\"@id\":\"https:\\\/\\\/www.doulkeridis.be\\\/blog\\\/ecolo\\\/\",\"url\":\"https:\\\/\\\/www.doulkeridis.be\\\/blog\\\/ecolo\\\/\",\"name\":\"Ecolo - Christos Doulkeridis\",\"isPartOf\":{\"@id\":\"https:\\\/\\\/www.doulkeridis.be\\\/blog\\\/#website\"},\"datePublished\":\"2011-11-10T10:29:37+00:00\",\"dateModified\":\"2011-11-14T15:34:39+00:00\",\"breadcrumb\":{\"@id\":\"https:\\\/\\\/www.doulkeridis.be\\\/blog\\\/ecolo\\\/#breadcrumb\"},\"inLanguage\":\"fr-FR\",\"potentialAction\":[{\"@type\":\"ReadAction\",\"target\":[\"https:\\\/\\\/www.doulkeridis.be\\\/blog\\\/ecolo\\\/\"]}]},{\"@type\":\"BreadcrumbList\",\"@id\":\"https:\\\/\\\/www.doulkeridis.be\\\/blog\\\/ecolo\\\/#breadcrumb\",\"itemListElement\":[{\"@type\":\"ListItem\",\"position\":1,\"name\":\"Accueil\",\"item\":\"https:\\\/\\\/www.doulkeridis.be\\\/blog\\\/\"},{\"@type\":\"ListItem\",\"position\":2,\"name\":\"Ecolo\"}]},{\"@type\":\"WebSite\",\"@id\":\"https:\\\/\\\/www.doulkeridis.be\\\/blog\\\/#website\",\"url\":\"https:\\\/\\\/www.doulkeridis.be\\\/blog\\\/\",\"name\":\"Christos Doulkeridis\",\"description\":\"Coach | Consultant en solutions, gestion de crise, n\u00e9gociations\",\"publisher\":{\"@id\":\"https:\\\/\\\/www.doulkeridis.be\\\/blog\\\/#organization\"},\"potentialAction\":[{\"@type\":\"SearchAction\",\"target\":{\"@type\":\"EntryPoint\",\"urlTemplate\":\"https:\\\/\\\/www.doulkeridis.be\\\/blog\\\/?s={search_term_string}\"},\"query-input\":{\"@type\":\"PropertyValueSpecification\",\"valueRequired\":true,\"valueName\":\"search_term_string\"}}],\"inLanguage\":\"fr-FR\"},{\"@type\":\"Organization\",\"@id\":\"https:\\\/\\\/www.doulkeridis.be\\\/blog\\\/#organization\",\"name\":\"Ulyse\",\"url\":\"https:\\\/\\\/www.doulkeridis.be\\\/blog\\\/\",\"logo\":{\"@type\":\"ImageObject\",\"inLanguage\":\"fr-FR\",\"@id\":\"https:\\\/\\\/www.doulkeridis.be\\\/blog\\\/#\\\/schema\\\/logo\\\/image\\\/\",\"url\":\"https:\\\/\\\/www.doulkeridis.be\\\/blog\\\/wp-content\\\/uploads\\\/2026\\\/04\\\/2-5.png\",\"contentUrl\":\"https:\\\/\\\/www.doulkeridis.be\\\/blog\\\/wp-content\\\/uploads\\\/2026\\\/04\\\/2-5.png\",\"width\":1024,\"height\":728,\"caption\":\"Ulyse\"},\"image\":{\"@id\":\"https:\\\/\\\/www.doulkeridis.be\\\/blog\\\/#\\\/schema\\\/logo\\\/image\\\/\"},\"sameAs\":[\"https:\\\/\\\/www.facebook.com\\\/doulkeridis\",\"https:\\\/\\\/www.facebook.com\\\/christosdoulkeridis2\"]}]}<\/script>\n<!-- \/ Yoast SEO plugin. -->","yoast_head_json":{"title":"Ecolo - Christos Doulkeridis","robots":{"index":"index","follow":"follow","max-snippet":"max-snippet:-1","max-image-preview":"max-image-preview:large","max-video-preview":"max-video-preview:-1"},"canonical":"https:\/\/www.doulkeridis.be\/blog\/ecolo\/","og_locale":"fr_FR","og_type":"article","og_title":"Ecolo - Christos Doulkeridis","og_description":"Je suis membre d&rsquo;Ecolo. Mais qu&rsquo;est-ce que cela signifie\u00a0? Etre \u00e9cologiste en Belgique, cela veut avant tout dire que l&rsquo;on se trouve du c\u00f4t\u00e9 des solutions durables face aux crises environnementales, sociales et \u00e9conomiques que traverse notre soci\u00e9t\u00e9 au 21e si\u00e8cle. L\u2019\u00e9cologie politique recherche un meilleur \u00e9quilibre entre l\u2019homme et la nature. Nous n\u2019avons \u00e9videmment qu\u2019une seule plan\u00e8te. Ses ressources sont limit\u00e9es et ses \u00e9cosyst\u00e8mes fragiles. Quand les pollutions augmentent, quand le climat se d\u00e9r\u00e8gle, ce sont les \u00eatres humains qui souffrent, en commen\u00e7ant par les moins favoris\u00e9s. En parvenant \u00e0 un d\u00e9veloppement qui respecte l\u2019environnement, nous am\u00e9liorons notre qualit\u00e9 de vie aujourd\u2019hui et nous garantissons un avenir \u00e0 nos enfants et \u00e0 nos petits enfants. Au 19\u00e8me si\u00e8cle, le lib\u00e9ralisme a permis l\u2019\u00e9mergence de la d\u00e9mocratie. Au 20\u00e8me, le socialisme l\u2019a aid\u00e9e \u00e0 int\u00e9grer la dimension sociale. Depuis la fin du second mill\u00e9naire, l\u2019\u00e9cologie politique poursuit ces mouvements d\u2019\u00e9mancipation en inscrivant l\u2019environnement et les g\u00e9n\u00e9rations futures au c\u0153ur du projet d\u00e9mocratique. En ce sens, les partis \u00e9cologistes incarnent bien la nouvelle force du 21\u00e8me si\u00e8cle. Liens www.ecolo.be www.bruxelles.regionale.ecolo.be www.ecoloxl.be www.etopia.be www.greens-efa.eu\/ Mes coll\u00e8gues ministres Ecolo evelyne.huytebroeck.be www.nollet.info henry.wallonie.be","og_url":"https:\/\/www.doulkeridis.be\/blog\/ecolo\/","og_site_name":"Christos Doulkeridis","article_publisher":"https:\/\/www.facebook.com\/doulkeridis","article_modified_time":"2011-11-14T15:34:39+00:00","twitter_card":"summary_large_image","twitter_misc":{"Dur\u00e9e de lecture estim\u00e9e":"1 minute"},"schema":{"@context":"https:\/\/schema.org","@graph":[{"@type":"WebPage","@id":"https:\/\/www.doulkeridis.be\/blog\/ecolo\/","url":"https:\/\/www.doulkeridis.be\/blog\/ecolo\/","name":"Ecolo - Christos Doulkeridis","isPartOf":{"@id":"https:\/\/www.doulkeridis.be\/blog\/#website"},"datePublished":"2011-11-10T10:29:37+00:00","dateModified":"2011-11-14T15:34:39+00:00","breadcrumb":{"@id":"https:\/\/www.doulkeridis.be\/blog\/ecolo\/#breadcrumb"},"inLanguage":"fr-FR","potentialAction":[{"@type":"ReadAction","target":["https:\/\/www.doulkeridis.be\/blog\/ecolo\/"]}]},{"@type":"BreadcrumbList","@id":"https:\/\/www.doulkeridis.be\/blog\/ecolo\/#breadcrumb","itemListElement":[{"@type":"ListItem","position":1,"name":"Accueil","item":"https:\/\/www.doulkeridis.be\/blog\/"},{"@type":"ListItem","position":2,"name":"Ecolo"}]},{"@type":"WebSite","@id":"https:\/\/www.doulkeridis.be\/blog\/#website","url":"https:\/\/www.doulkeridis.be\/blog\/","name":"Christos Doulkeridis","description":"Coach | Consultant en solutions, gestion de crise, n\u00e9gociations","publisher":{"@id":"https:\/\/www.doulkeridis.be\/blog\/#organization"},"potentialAction":[{"@type":"SearchAction","target":{"@type":"EntryPoint","urlTemplate":"https:\/\/www.doulkeridis.be\/blog\/?s={search_term_string}"},"query-input":{"@type":"PropertyValueSpecification","valueRequired":true,"valueName":"search_term_string"}}],"inLanguage":"fr-FR"},{"@type":"Organization","@id":"https:\/\/www.doulkeridis.be\/blog\/#organization","name":"Ulyse","url":"https:\/\/www.doulkeridis.be\/blog\/","logo":{"@type":"ImageObject","inLanguage":"fr-FR","@id":"https:\/\/www.doulkeridis.be\/blog\/#\/schema\/logo\/image\/","url":"https:\/\/www.doulkeridis.be\/blog\/wp-content\/uploads\/2026\/04\/2-5.png","contentUrl":"https:\/\/www.doulkeridis.be\/blog\/wp-content\/uploads\/2026\/04\/2-5.png","width":1024,"height":728,"caption":"Ulyse"},"image":{"@id":"https:\/\/www.doulkeridis.be\/blog\/#\/schema\/logo\/image\/"},"sameAs":["https:\/\/www.facebook.com\/doulkeridis","https:\/\/www.facebook.com\/christosdoulkeridis2"]}]}},"_links":{"self":[{"href":"https:\/\/www.doulkeridis.be\/blog\/wp-json\/wp\/v2\/pages\/4878","targetHints":{"allow":["GET"]}}],"collection":[{"href":"https:\/\/www.doulkeridis.be\/blog\/wp-json\/wp\/v2\/pages"}],"about":[{"href":"https:\/\/www.doulkeridis.be\/blog\/wp-json\/wp\/v2\/types\/page"}],"author":[{"embeddable":true,"href":"https:\/\/www.doulkeridis.be\/blog\/wp-json\/wp\/v2\/users\/2"}],"replies":[{"embeddable":true,"href":"https:\/\/www.doulkeridis.be\/blog\/wp-json\/wp\/v2\/comments?post=4878"}],"version-history":[{"count":4,"href":"https:\/\/www.doulkeridis.be\/blog\/wp-json\/wp\/v2\/pages\/4878\/revisions"}],"predecessor-version":[{"id":5059,"href":"https:\/\/www.doulkeridis.be\/blog\/wp-json\/wp\/v2\/pages\/4878\/revisions\/5059"}],"wp:attachment":[{"href":"https:\/\/www.doulkeridis.be\/blog\/wp-json\/wp\/v2\/media?parent=4878"}],"curies":[{"name":"wp","href":"https:\/\/api.w.org\/{rel}","templated":true}]}}