{"id":5562,"date":"2012-01-17T14:14:05","date_gmt":"2012-01-17T13:14:05","guid":{"rendered":"http:\/\/www.doulkeridis.be\/blog\/?page_id=5562"},"modified":"2012-03-15T14:41:11","modified_gmt":"2012-03-15T13:41:11","slug":"attaches-de-presse","status":"publish","type":"page","link":"https:\/\/www.doulkeridis.be\/blog\/attaches-de-presse\/","title":{"rendered":"Liens"},"content":{"rendered":"<p><a href=\"https:\/\/www.doulkeridis.be\/blog\/wp-content\/uploads\/2012\/01\/iris-RVB+.jpg\"><img loading=\"lazy\" decoding=\"async\" class=\"alignleft  wp-image-6136\" title=\"iris-RVB+\" src=\"https:\/\/www.doulkeridis.be\/blog\/wp-content\/uploads\/2012\/01\/iris-RVB+-290x290.jpg\" alt=\"\" width=\"59\" height=\"59\" srcset=\"https:\/\/www.doulkeridis.be\/blog\/wp-content\/uploads\/2012\/01\/iris-RVB+-290x290.jpg 290w, https:\/\/www.doulkeridis.be\/blog\/wp-content\/uploads\/2012\/01\/iris-RVB+-300x300.jpg 300w, https:\/\/www.doulkeridis.be\/blog\/wp-content\/uploads\/2012\/01\/iris-RVB+-50x50.jpg 50w, https:\/\/www.doulkeridis.be\/blog\/wp-content\/uploads\/2012\/01\/iris-RVB+.jpg 591w\" sizes=\"auto, (max-width: 59px) 100vw, 59px\" \/><\/a><\/p>\n<p><a href=\"http:\/\/www.bruxelles.irisnet.be\/\" target=\"_blank\"><strong>R\u00e9gion de Bruxelles-Capitale<\/strong><\/a><\/p>\n<p>&nbsp;<\/p>\n<p>&nbsp;<\/p>\n<p><a href=\"https:\/\/www.doulkeridis.be\/blog\/wp-content\/uploads\/2012\/01\/cocof-logo.jpg\"><img loading=\"lazy\" decoding=\"async\" class=\"alignleft  wp-image-6137\" title=\"cocof logo\" src=\"https:\/\/www.doulkeridis.be\/blog\/wp-content\/uploads\/2012\/01\/cocof-logo.jpg\" alt=\"\" width=\"55\" height=\"59\" \/><\/a><\/p>\n<p><a href=\"http:\/\/www.cocof.irisnet.be\/site\/fr\"><strong>La Cocof<\/strong><\/a><\/p>\n<p>&nbsp;<\/p>\n<p>&nbsp;<\/p>\n<p><a href=\"https:\/\/www.doulkeridis.be\/blog\/wp-content\/uploads\/2012\/01\/SLRB.jpg\"><img loading=\"lazy\" decoding=\"async\" class=\"alignleft  wp-image-6138\" title=\"SLRB\" src=\"https:\/\/www.doulkeridis.be\/blog\/wp-content\/uploads\/2012\/01\/SLRB-290x175.jpg\" alt=\"\" width=\"72\" height=\"43\" srcset=\"https:\/\/www.doulkeridis.be\/blog\/wp-content\/uploads\/2012\/01\/SLRB-290x175.jpg 290w, https:\/\/www.doulkeridis.be\/blog\/wp-content\/uploads\/2012\/01\/SLRB.jpg 300w\" sizes=\"auto, (max-width: 72px) 100vw, 72px\" \/><\/a><a href=\"http:\/\/www.slrb.irisnet.be\/\" target=\"_blank\"><strong>La Soci\u00e9t\u00e9 du Logement de la R\u00e9gion de Bruxelles-Capitale<\/strong><\/a><\/p>\n<p>&nbsp;<\/p>\n<p>&nbsp;<\/p>\n<p><a href=\"https:\/\/www.doulkeridis.be\/blog\/wp-content\/uploads\/2012\/01\/Fonds-du-logement.bmp\"><img loading=\"lazy\" decoding=\"async\" class=\"alignleft  wp-image-6139\" title=\"Fonds du logement\" src=\"https:\/\/www.doulkeridis.be\/blog\/wp-content\/uploads\/2012\/01\/Fonds-du-logement.bmp\" alt=\"\" width=\"73\" height=\"41\" \/><\/a><a href=\"http:\/\/www.fondsdulogement.be\/fr\" target=\"_blank\"><strong>Fonds du logement<\/strong><\/a><\/p>\n<p>&nbsp;<\/p>\n<p>&nbsp;<\/p>\n<p><a href=\"https:\/\/www.doulkeridis.be\/blog\/wp-content\/uploads\/2012\/01\/Siamu.jpg\"><img loading=\"lazy\" decoding=\"async\" class=\"alignleft  wp-image-6140\" title=\"Siamu\" src=\"https:\/\/www.doulkeridis.be\/blog\/wp-content\/uploads\/2012\/01\/Siamu.jpg\" alt=\"\" width=\"57\" height=\"59\" \/><\/a><a href=\"http:\/\/www.siamu.irisnet.be\/\" target=\"_blank\"><strong>Le SIAMU<\/strong><\/a><\/p>\n<p>&nbsp;<\/p>\n<p>&nbsp;<\/p>\n<p><a href=\"https:\/\/www.doulkeridis.be\/blog\/wp-content\/uploads\/2012\/01\/vistbrusselscolor_46752.jpg\"><img loading=\"lazy\" decoding=\"async\" class=\"alignleft  wp-image-6143\" title=\"vistbrusselscolor_4675\" src=\"https:\/\/www.doulkeridis.be\/blog\/wp-content\/uploads\/2012\/01\/vistbrusselscolor_46752-300x122.jpg\" alt=\"\" width=\"82\" height=\"33\" srcset=\"https:\/\/www.doulkeridis.be\/blog\/wp-content\/uploads\/2012\/01\/vistbrusselscolor_46752-300x122.jpg 300w, https:\/\/www.doulkeridis.be\/blog\/wp-content\/uploads\/2012\/01\/vistbrusselscolor_46752.jpg 500w\" sizes=\"auto, (max-width: 82px) 100vw, 82px\" \/><\/a><a href=\"http:\/\/visitbrussels.be\/bitc\/front\/home\/display\/lg\/fr\/section\/visiteur.do\" target=\"_blank\"><strong>Visitbrussels<\/strong><\/a><\/p>\n<p>&nbsp;<\/p>\n","protected":false},"excerpt":{"rendered":"<p>R\u00e9gion de Bruxelles-Capitale &nbsp; &nbsp; La Cocof &nbsp; &nbsp; La Soci\u00e9t\u00e9 du Logement de la R\u00e9gion de Bruxelles-Capitale &nbsp; &nbsp; Fonds du logement &nbsp; &nbsp; Le SIAMU &nbsp; &nbsp; Visitbrussels &nbsp;<\/p>\n","protected":false},"author":2,"featured_media":6133,"parent":0,"menu_order":0,"comment_status":"open","ping_status":"open","template":"","meta":{"_monsterinsights_skip_tracking":false,"_monsterinsights_sitenote_active":false,"_monsterinsights_sitenote_note":"","_monsterinsights_sitenote_category":0,"ngg_post_thumbnail":0,"footnotes":""},"class_list":["post-5562","page","type-page","status-publish","has-post-thumbnail","hentry"],"yoast_head":"<!-- This site is optimized with the Yoast SEO plugin v27.4 - https:\/\/yoast.com\/product\/yoast-seo-wordpress\/ -->\n<title>Liens - Christos Doulkeridis<\/title>\n<meta name=\"robots\" content=\"index, follow, max-snippet:-1, max-image-preview:large, max-video-preview:-1\" \/>\n<link rel=\"canonical\" href=\"https:\/\/www.doulkeridis.be\/blog\/attaches-de-presse\/\" \/>\n<meta property=\"og:locale\" content=\"fr_FR\" \/>\n<meta property=\"og:type\" content=\"article\" \/>\n<meta property=\"og:title\" content=\"Liens - Christos Doulkeridis\" \/>\n<meta property=\"og:description\" content=\"R\u00e9gion de Bruxelles-Capitale &nbsp; &nbsp; La Cocof &nbsp; &nbsp; La Soci\u00e9t\u00e9 du Logement de la R\u00e9gion de Bruxelles-Capitale &nbsp; &nbsp; Fonds du logement &nbsp; &nbsp; Le SIAMU &nbsp; &nbsp; Visitbrussels &nbsp;\" \/>\n<meta property=\"og:url\" content=\"https:\/\/www.doulkeridis.be\/blog\/attaches-de-presse\/\" \/>\n<meta property=\"og:site_name\" content=\"Christos Doulkeridis\" \/>\n<meta property=\"article:publisher\" content=\"https:\/\/www.facebook.com\/doulkeridis\" \/>\n<meta property=\"article:modified_time\" content=\"2012-03-15T13:41:11+00:00\" \/>\n<meta name=\"twitter:card\" content=\"summary_large_image\" \/>\n<script type=\"application\/ld+json\" class=\"yoast-schema-graph\">{\"@context\":\"https:\\\/\\\/schema.org\",\"@graph\":[{\"@type\":\"WebPage\",\"@id\":\"https:\\\/\\\/www.doulkeridis.be\\\/blog\\\/attaches-de-presse\\\/\",\"url\":\"https:\\\/\\\/www.doulkeridis.be\\\/blog\\\/attaches-de-presse\\\/\",\"name\":\"Liens - Christos Doulkeridis\",\"isPartOf\":{\"@id\":\"https:\\\/\\\/www.doulkeridis.be\\\/blog\\\/#website\"},\"primaryImageOfPage\":{\"@id\":\"https:\\\/\\\/www.doulkeridis.be\\\/blog\\\/attaches-de-presse\\\/#primaryimage\"},\"image\":{\"@id\":\"https:\\\/\\\/www.doulkeridis.be\\\/blog\\\/attaches-de-presse\\\/#primaryimage\"},\"thumbnailUrl\":\"https:\\\/\\\/www.doulkeridis.be\\\/blog\\\/wp-content\\\/uploads\\\/2012\\\/01\\\/iris-CMYK+.tif\",\"datePublished\":\"2012-01-17T13:14:05+00:00\",\"dateModified\":\"2012-03-15T13:41:11+00:00\",\"breadcrumb\":{\"@id\":\"https:\\\/\\\/www.doulkeridis.be\\\/blog\\\/attaches-de-presse\\\/#breadcrumb\"},\"inLanguage\":\"fr-FR\",\"potentialAction\":[{\"@type\":\"ReadAction\",\"target\":[\"https:\\\/\\\/www.doulkeridis.be\\\/blog\\\/attaches-de-presse\\\/\"]}]},{\"@type\":\"ImageObject\",\"inLanguage\":\"fr-FR\",\"@id\":\"https:\\\/\\\/www.doulkeridis.be\\\/blog\\\/attaches-de-presse\\\/#primaryimage\",\"url\":\"https:\\\/\\\/www.doulkeridis.be\\\/blog\\\/wp-content\\\/uploads\\\/2012\\\/01\\\/iris-CMYK+.tif\",\"contentUrl\":\"https:\\\/\\\/www.doulkeridis.be\\\/blog\\\/wp-content\\\/uploads\\\/2012\\\/01\\\/iris-CMYK+.tif\"},{\"@type\":\"BreadcrumbList\",\"@id\":\"https:\\\/\\\/www.doulkeridis.be\\\/blog\\\/attaches-de-presse\\\/#breadcrumb\",\"itemListElement\":[{\"@type\":\"ListItem\",\"position\":1,\"name\":\"Accueil\",\"item\":\"https:\\\/\\\/www.doulkeridis.be\\\/blog\\\/\"},{\"@type\":\"ListItem\",\"position\":2,\"name\":\"Liens\"}]},{\"@type\":\"WebSite\",\"@id\":\"https:\\\/\\\/www.doulkeridis.be\\\/blog\\\/#website\",\"url\":\"https:\\\/\\\/www.doulkeridis.be\\\/blog\\\/\",\"name\":\"Christos Doulkeridis\",\"description\":\"Coach | Consultant en solutions, gestion de crise, n\u00e9gociations\",\"publisher\":{\"@id\":\"https:\\\/\\\/www.doulkeridis.be\\\/blog\\\/#organization\"},\"potentialAction\":[{\"@type\":\"SearchAction\",\"target\":{\"@type\":\"EntryPoint\",\"urlTemplate\":\"https:\\\/\\\/www.doulkeridis.be\\\/blog\\\/?s={search_term_string}\"},\"query-input\":{\"@type\":\"PropertyValueSpecification\",\"valueRequired\":true,\"valueName\":\"search_term_string\"}}],\"inLanguage\":\"fr-FR\"},{\"@type\":\"Organization\",\"@id\":\"https:\\\/\\\/www.doulkeridis.be\\\/blog\\\/#organization\",\"name\":\"Ulyse\",\"url\":\"https:\\\/\\\/www.doulkeridis.be\\\/blog\\\/\",\"logo\":{\"@type\":\"ImageObject\",\"inLanguage\":\"fr-FR\",\"@id\":\"https:\\\/\\\/www.doulkeridis.be\\\/blog\\\/#\\\/schema\\\/logo\\\/image\\\/\",\"url\":\"https:\\\/\\\/www.doulkeridis.be\\\/blog\\\/wp-content\\\/uploads\\\/2026\\\/04\\\/2-5.png\",\"contentUrl\":\"https:\\\/\\\/www.doulkeridis.be\\\/blog\\\/wp-content\\\/uploads\\\/2026\\\/04\\\/2-5.png\",\"width\":1024,\"height\":728,\"caption\":\"Ulyse\"},\"image\":{\"@id\":\"https:\\\/\\\/www.doulkeridis.be\\\/blog\\\/#\\\/schema\\\/logo\\\/image\\\/\"},\"sameAs\":[\"https:\\\/\\\/www.facebook.com\\\/doulkeridis\",\"https:\\\/\\\/www.facebook.com\\\/christosdoulkeridis2\"]}]}<\/script>\n<!-- \/ Yoast SEO plugin. -->","yoast_head_json":{"title":"Liens - Christos Doulkeridis","robots":{"index":"index","follow":"follow","max-snippet":"max-snippet:-1","max-image-preview":"max-image-preview:large","max-video-preview":"max-video-preview:-1"},"canonical":"https:\/\/www.doulkeridis.be\/blog\/attaches-de-presse\/","og_locale":"fr_FR","og_type":"article","og_title":"Liens - Christos Doulkeridis","og_description":"R\u00e9gion de Bruxelles-Capitale &nbsp; &nbsp; La Cocof &nbsp; &nbsp; La Soci\u00e9t\u00e9 du Logement de la R\u00e9gion de Bruxelles-Capitale &nbsp; &nbsp; Fonds du logement &nbsp; &nbsp; Le SIAMU &nbsp; &nbsp; Visitbrussels &nbsp;","og_url":"https:\/\/www.doulkeridis.be\/blog\/attaches-de-presse\/","og_site_name":"Christos Doulkeridis","article_publisher":"https:\/\/www.facebook.com\/doulkeridis","article_modified_time":"2012-03-15T13:41:11+00:00","twitter_card":"summary_large_image","schema":{"@context":"https:\/\/schema.org","@graph":[{"@type":"WebPage","@id":"https:\/\/www.doulkeridis.be\/blog\/attaches-de-presse\/","url":"https:\/\/www.doulkeridis.be\/blog\/attaches-de-presse\/","name":"Liens - Christos Doulkeridis","isPartOf":{"@id":"https:\/\/www.doulkeridis.be\/blog\/#website"},"primaryImageOfPage":{"@id":"https:\/\/www.doulkeridis.be\/blog\/attaches-de-presse\/#primaryimage"},"image":{"@id":"https:\/\/www.doulkeridis.be\/blog\/attaches-de-presse\/#primaryimage"},"thumbnailUrl":"https:\/\/www.doulkeridis.be\/blog\/wp-content\/uploads\/2012\/01\/iris-CMYK+.tif","datePublished":"2012-01-17T13:14:05+00:00","dateModified":"2012-03-15T13:41:11+00:00","breadcrumb":{"@id":"https:\/\/www.doulkeridis.be\/blog\/attaches-de-presse\/#breadcrumb"},"inLanguage":"fr-FR","potentialAction":[{"@type":"ReadAction","target":["https:\/\/www.doulkeridis.be\/blog\/attaches-de-presse\/"]}]},{"@type":"ImageObject","inLanguage":"fr-FR","@id":"https:\/\/www.doulkeridis.be\/blog\/attaches-de-presse\/#primaryimage","url":"https:\/\/www.doulkeridis.be\/blog\/wp-content\/uploads\/2012\/01\/iris-CMYK+.tif","contentUrl":"https:\/\/www.doulkeridis.be\/blog\/wp-content\/uploads\/2012\/01\/iris-CMYK+.tif"},{"@type":"BreadcrumbList","@id":"https:\/\/www.doulkeridis.be\/blog\/attaches-de-presse\/#breadcrumb","itemListElement":[{"@type":"ListItem","position":1,"name":"Accueil","item":"https:\/\/www.doulkeridis.be\/blog\/"},{"@type":"ListItem","position":2,"name":"Liens"}]},{"@type":"WebSite","@id":"https:\/\/www.doulkeridis.be\/blog\/#website","url":"https:\/\/www.doulkeridis.be\/blog\/","name":"Christos Doulkeridis","description":"Coach | Consultant en solutions, gestion de crise, n\u00e9gociations","publisher":{"@id":"https:\/\/www.doulkeridis.be\/blog\/#organization"},"potentialAction":[{"@type":"SearchAction","target":{"@type":"EntryPoint","urlTemplate":"https:\/\/www.doulkeridis.be\/blog\/?s={search_term_string}"},"query-input":{"@type":"PropertyValueSpecification","valueRequired":true,"valueName":"search_term_string"}}],"inLanguage":"fr-FR"},{"@type":"Organization","@id":"https:\/\/www.doulkeridis.be\/blog\/#organization","name":"Ulyse","url":"https:\/\/www.doulkeridis.be\/blog\/","logo":{"@type":"ImageObject","inLanguage":"fr-FR","@id":"https:\/\/www.doulkeridis.be\/blog\/#\/schema\/logo\/image\/","url":"https:\/\/www.doulkeridis.be\/blog\/wp-content\/uploads\/2026\/04\/2-5.png","contentUrl":"https:\/\/www.doulkeridis.be\/blog\/wp-content\/uploads\/2026\/04\/2-5.png","width":1024,"height":728,"caption":"Ulyse"},"image":{"@id":"https:\/\/www.doulkeridis.be\/blog\/#\/schema\/logo\/image\/"},"sameAs":["https:\/\/www.facebook.com\/doulkeridis","https:\/\/www.facebook.com\/christosdoulkeridis2"]}]}},"_links":{"self":[{"href":"https:\/\/www.doulkeridis.be\/blog\/wp-json\/wp\/v2\/pages\/5562","targetHints":{"allow":["GET"]}}],"collection":[{"href":"https:\/\/www.doulkeridis.be\/blog\/wp-json\/wp\/v2\/pages"}],"about":[{"href":"https:\/\/www.doulkeridis.be\/blog\/wp-json\/wp\/v2\/types\/page"}],"author":[{"embeddable":true,"href":"https:\/\/www.doulkeridis.be\/blog\/wp-json\/wp\/v2\/users\/2"}],"replies":[{"embeddable":true,"href":"https:\/\/www.doulkeridis.be\/blog\/wp-json\/wp\/v2\/comments?post=5562"}],"version-history":[{"count":9,"href":"https:\/\/www.doulkeridis.be\/blog\/wp-json\/wp\/v2\/pages\/5562\/revisions"}],"predecessor-version":[{"id":5573,"href":"https:\/\/www.doulkeridis.be\/blog\/wp-json\/wp\/v2\/pages\/5562\/revisions\/5573"}],"wp:featuredmedia":[{"embeddable":true,"href":"https:\/\/www.doulkeridis.be\/blog\/wp-json\/wp\/v2\/media\/6133"}],"wp:attachment":[{"href":"https:\/\/www.doulkeridis.be\/blog\/wp-json\/wp\/v2\/media?parent=5562"}],"curies":[{"name":"wp","href":"https:\/\/api.w.org\/{rel}","templated":true}]}}